{"id":18,"date":"2020-03-03T00:02:32","date_gmt":"2020-03-03T00:02:32","guid":{"rendered":"http:\/\/serviciosdelatorre.com\/?page_id=18"},"modified":"2020-03-13T00:52:29","modified_gmt":"2020-03-13T00:52:29","slug":"blog","status":"publish","type":"page","link":"https:\/\/serviciosdelatorre.com\/index.php\/blog\/","title":{"rendered":"Alianza Estrategica"},"content":{"rendered":"\n<p style=\"text-align:left\"><strong>Servicios Integrales de la Torre Fuente S.C.<\/strong> nace de las necesidad de clientes de la <strong>Notaria P\u00fablica 141 <\/strong>del Primer Distrito Registral del Estado de Nuevo Le\u00f3n de realizar tramites de <em>Gestion Foranea<\/em>, en diversas Ciudades de la <em><strong>Rep\u00fablica Mexicana<\/strong><\/em>.<\/p>\n\n\n\n<p>Por tal, se cuenta con la Alianza Estrategica para satisfacer integramente las necesidades de cada uno de los clientes ya sea en lo Individual o en lo Corporativo, contamos con la experiencia que nos brinda dicha Alianza.<\/p>\n\n\n\n<div class=\"wp-block-image\"><figure class=\"aligncenter\"><img loading=\"lazy\" decoding=\"async\" width=\"841\" height=\"530\" src=\"http:\/\/serviciosdelatorre.com\/wp-content\/uploads\/2020\/03\/02.jpg\" alt=\"\" class=\"wp-image-82\" srcset=\"https:\/\/serviciosdelatorre.com\/wp-content\/uploads\/2020\/03\/02.jpg 841w, https:\/\/serviciosdelatorre.com\/wp-content\/uploads\/2020\/03\/02-300x189.jpg 300w, https:\/\/serviciosdelatorre.com\/wp-content\/uploads\/2020\/03\/02-768x484.jpg 768w\" sizes=\"auto, (max-width: 841px) 100vw, 841px\" \/><\/figure><\/div>\n","protected":false},"excerpt":{"rendered":"<p>Servicios Integrales de la Torre Fuente S.C. nace de las necesidad de clientes de la Notaria P\u00fablica 141 del Primer Distrito Registral del Estado de Nuevo Le\u00f3n de realizar tramites de Gestion Foranea, en diversas Ciudades de la Rep\u00fablica Mexicana. Por tal, se cuenta con la Alianza Estrategica para satisfacer integramente las necesidades de cada [&hellip;]<\/p>\n","protected":false},"author":1,"featured_media":14,"parent":0,"menu_order":0,"comment_status":"closed","ping_status":"closed","template":"","meta":{"footnotes":""},"class_list":["post-18","page","type-page","status-publish","has-post-thumbnail","hentry"],"_links":{"self":[{"href":"https:\/\/serviciosdelatorre.com\/index.php\/wp-json\/wp\/v2\/pages\/18","targetHints":{"allow":["GET"]}}],"collection":[{"href":"https:\/\/serviciosdelatorre.com\/index.php\/wp-json\/wp\/v2\/pages"}],"about":[{"href":"https:\/\/serviciosdelatorre.com\/index.php\/wp-json\/wp\/v2\/types\/page"}],"author":[{"embeddable":true,"href":"https:\/\/serviciosdelatorre.com\/index.php\/wp-json\/wp\/v2\/users\/1"}],"replies":[{"embeddable":true,"href":"https:\/\/serviciosdelatorre.com\/index.php\/wp-json\/wp\/v2\/comments?post=18"}],"version-history":[{"count":5,"href":"https:\/\/serviciosdelatorre.com\/index.php\/wp-json\/wp\/v2\/pages\/18\/revisions"}],"predecessor-version":[{"id":85,"href":"https:\/\/serviciosdelatorre.com\/index.php\/wp-json\/wp\/v2\/pages\/18\/revisions\/85"}],"wp:featuredmedia":[{"embeddable":true,"href":"https:\/\/serviciosdelatorre.com\/index.php\/wp-json\/wp\/v2\/media\/14"}],"wp:attachment":[{"href":"https:\/\/serviciosdelatorre.com\/index.php\/wp-json\/wp\/v2\/media?parent=18"}],"curies":[{"name":"wp","href":"https:\/\/api.w.org\/{rel}","templated":true}]}}